{"id":45,"date":"2022-04-10T13:37:37","date_gmt":"2022-04-10T11:37:37","guid":{"rendered":"https:\/\/bibliawpjm.pl\/?page_id=45"},"modified":"2023-01-19T10:21:31","modified_gmt":"2023-01-19T09:21:31","slug":"biblia-w-pjm","status":"publish","type":"page","link":"http:\/\/serwer331435.lh.pl\/bibliawpjm\/","title":{"rendered":"Biblia w PJM"},"content":{"rendered":"\t\t<div data-elementor-type=\"wp-page\" data-elementor-id=\"45\" class=\"elementor elementor-45\" data-elementor-settings=\"{&quot;ha_cmc_init_switcher&quot;:&quot;no&quot;}\">\n\t\t\t\t\t\t<section class=\"elementor-section elementor-top-section elementor-element elementor-element-70629ec elementor-section-height-min-height elementor-section-items-stretch elementor-section-full_width hero-banner elementor-section-height-default\" data-id=\"70629ec\" data-element_type=\"section\" data-settings=\"{&quot;background_background&quot;:&quot;classic&quot;,&quot;_ha_eqh_enable&quot;:false}\">\n\t\t\t\t\t\t\t<div class=\"elementor-background-overlay\"><\/div>\n\t\t\t\t\t\t\t<div class=\"elementor-container elementor-column-gap-default\">\n\t\t\t\t\t<div class=\"elementor-column elementor-col-100 elementor-top-column elementor-element elementor-element-cad5181\" data-id=\"cad5181\" data-element_type=\"column\">\n\t\t\t<div class=\"elementor-widget-wrap elementor-element-populated\">\n\t\t\t\t\t\t<div class=\"elementor-element elementor-element-330a0de elementor-absolute elementor-widget elementor-widget-image\" data-id=\"330a0de\" data-element_type=\"widget\" id=\"bibliagif\" data-settings=\"{&quot;_position&quot;:&quot;absolute&quot;}\" data-widget_type=\"image.default\">\n\t\t\t\t<div class=\"elementor-widget-container\">\n\t\t\t\t\t\t\t\t\t\t\t\t\t\t\t<img fetchpriority=\"high\" decoding=\"async\" width=\"1280\" height=\"720\" src=\"http:\/\/serwer331435.lh.pl\/bibliawpjm\/wp-content\/uploads\/2023\/01\/biblia-gif.gif\" class=\"attachment-full size-full wp-image-433\" alt=\"\" \/>\t\t\t\t\t\t\t\t\t\t\t\t\t\t\t<\/div>\n\t\t\t\t<\/div>\n\t\t\t\t<div class=\"elementor-element elementor-element-4e7beba elementor-widget elementor-widget-heading\" data-id=\"4e7beba\" data-element_type=\"widget\" data-widget_type=\"heading.default\">\n\t\t\t\t<div class=\"elementor-widget-container\">\n\t\t\t\t\t<h2 class=\"elementor-heading-title elementor-size-default\">Do\u015bwiadcz Chwa\u0142y Boga <br>w polskim j\u0119zyku migowym<\/h2>\t\t\t\t<\/div>\n\t\t\t\t<\/div>\n\t\t\t\t<div class=\"elementor-element elementor-element-2e8c1c1 elementor-widget__width-auto elementor-absolute herobutton elementor-widget elementor-widget-button\" data-id=\"2e8c1c1\" data-element_type=\"widget\" data-settings=\"{&quot;_position&quot;:&quot;absolute&quot;}\" data-widget_type=\"button.default\">\n\t\t\t\t<div class=\"elementor-widget-container\">\n\t\t\t\t\t\t\t\t\t<div class=\"elementor-button-wrapper\">\n\t\t\t\t\t<a class=\"elementor-button elementor-button-link elementor-size-sm\" href=\"http:\/\/serwer331435.lh.pl\/bibliawpjm\/stary-testament\/\">\n\t\t\t\t\t\t<span class=\"elementor-button-content-wrapper\">\n\t\t\t\t\t\t\t\t\t<span class=\"elementor-button-text\">Przejd\u017a do Starego Testamentu<\/span>\n\t\t\t\t\t<\/span>\n\t\t\t\t\t<\/a>\n\t\t\t\t<\/div>\n\t\t\t\t\t\t\t\t<\/div>\n\t\t\t\t<\/div>\n\t\t\t\t<div class=\"elementor-element elementor-element-bf51633 elementor-widget__width-auto elementor-absolute herobutton elementor-widget elementor-widget-button\" data-id=\"bf51633\" data-element_type=\"widget\" data-settings=\"{&quot;_position&quot;:&quot;absolute&quot;}\" data-widget_type=\"button.default\">\n\t\t\t\t<div class=\"elementor-widget-container\">\n\t\t\t\t\t\t\t\t\t<div class=\"elementor-button-wrapper\">\n\t\t\t\t\t<a class=\"elementor-button elementor-button-link elementor-size-sm\" href=\"http:\/\/serwer331435.lh.pl\/bibliawpjm\/nowy-testament\/\">\n\t\t\t\t\t\t<span class=\"elementor-button-content-wrapper\">\n\t\t\t\t\t\t\t\t\t<span class=\"elementor-button-text\">Przejd\u017a do Nowego Testamentu<\/span>\n\t\t\t\t\t<\/span>\n\t\t\t\t\t<\/a>\n\t\t\t\t<\/div>\n\t\t\t\t\t\t\t\t<\/div>\n\t\t\t\t<\/div>\n\t\t\t\t\t<\/div>\n\t\t<\/div>\n\t\t\t\t\t<\/div>\n\t\t<\/section>\n\t\t\t\t<\/div>\n\t\t","protected":false},"excerpt":{"rendered":"<p>Do\u015bwiadcz Chwa\u0142y Boga w polskim j\u0119zyku migowym Przejd\u017a do Starego Testamentu Przejd\u017a do Nowego Testamentu<\/p>\n","protected":false},"author":5,"featured_media":0,"parent":0,"menu_order":0,"comment_status":"closed","ping_status":"closed","template":"elementor_header_footer","meta":{"_acf_changed":false,"footnotes":""},"class_list":["post-45","page","type-page","status-publish","hentry"],"acf":[],"_links":{"self":[{"href":"http:\/\/serwer331435.lh.pl\/bibliawpjm\/wp-json\/wp\/v2\/pages\/45","targetHints":{"allow":["GET"]}}],"collection":[{"href":"http:\/\/serwer331435.lh.pl\/bibliawpjm\/wp-json\/wp\/v2\/pages"}],"about":[{"href":"http:\/\/serwer331435.lh.pl\/bibliawpjm\/wp-json\/wp\/v2\/types\/page"}],"author":[{"embeddable":true,"href":"http:\/\/serwer331435.lh.pl\/bibliawpjm\/wp-json\/wp\/v2\/users\/5"}],"replies":[{"embeddable":true,"href":"http:\/\/serwer331435.lh.pl\/bibliawpjm\/wp-json\/wp\/v2\/comments?post=45"}],"version-history":[{"count":88,"href":"http:\/\/serwer331435.lh.pl\/bibliawpjm\/wp-json\/wp\/v2\/pages\/45\/revisions"}],"predecessor-version":[{"id":603,"href":"http:\/\/serwer331435.lh.pl\/bibliawpjm\/wp-json\/wp\/v2\/pages\/45\/revisions\/603"}],"wp:attachment":[{"href":"http:\/\/serwer331435.lh.pl\/bibliawpjm\/wp-json\/wp\/v2\/media?parent=45"}],"curies":[{"name":"wp","href":"https:\/\/api.w.org\/{rel}","templated":true}]}}